{"id":1875,"date":"2025-10-15T09:18:22","date_gmt":"2025-10-15T13:18:22","guid":{"rendered":"https:\/\/zuryevents.com\/5-a-7-corporatif\/"},"modified":"2025-10-15T10:26:57","modified_gmt":"2025-10-15T14:26:57","slug":"5-a-7-corporatif","status":"publish","type":"page","link":"https:\/\/zuryevents.com\/en\/5-a-7-corporatif\/","title":{"rendered":"Corporate social events"},"content":{"rendered":"\t\t<div data-elementor-type=\"wp-page\" data-elementor-id=\"1875\" class=\"elementor elementor-1875 elementor-1840\">\n\t\t\t\t<div class=\"elementor-element elementor-element-d8955bc e-flex e-con-boxed e-con e-parent\" data-id=\"d8955bc\" data-element_type=\"container\" data-settings=\"{&quot;background_background&quot;:&quot;classic&quot;,&quot;tc_container_hover_selector&quot;:&quot;container&quot;,&quot;tc_container_background_parallax&quot;:&quot;no&quot;,&quot;tc_smooth_scroll_effects&quot;:&quot;none&quot;,&quot;tcg_advanced_hover&quot;:&quot;no&quot;,&quot;tc_dark_mode_responsive_hide_in_dark&quot;:&quot;no&quot;,&quot;tc_dark_mode_responsive_hide_in_light&quot;:&quot;no&quot;}\">\n\t\t\t\t\t<div class=\"e-con-inner\">\n\t\t\t\t<div class=\"elementor-element elementor-element-959a1f0 elementor-widget elementor-widget-heading\" data-id=\"959a1f0\" data-element_type=\"widget\" data-settings=\"{&quot;tc_smooth_scroll_effects&quot;:&quot;none&quot;,&quot;tc_dark_mode_responsive_hide_in_dark&quot;:&quot;no&quot;,&quot;tc_dark_mode_responsive_hide_in_light&quot;:&quot;no&quot;}\" data-widget_type=\"heading.default\">\n\t\t\t\t<div class=\"elementor-widget-container\">\n\t\t\t\t\t<h4 class=\"elementor-heading-title elementor-size-default\">Corporate social events<\/h4>\t\t\t\t<\/div>\n\t\t\t\t<\/div>\n\t\t\t\t<div class=\"elementor-element elementor-element-6f2fbc5 elementor-widget elementor-widget-heading\" data-id=\"6f2fbc5\" data-element_type=\"widget\" data-settings=\"{&quot;tc_smooth_scroll_effects&quot;:&quot;none&quot;,&quot;tc_dark_mode_responsive_hide_in_dark&quot;:&quot;no&quot;,&quot;tc_dark_mode_responsive_hide_in_light&quot;:&quot;no&quot;}\" data-widget_type=\"heading.default\">\n\t\t\t\t<div class=\"elementor-widget-container\">\n\t\t\t\t\t<h4 class=\"elementor-heading-title elementor-size-default\">To strengthen ties in your team or expand your network!<\/h4>\t\t\t\t<\/div>\n\t\t\t\t<\/div>\n\t\t\t\t<div class=\"elementor-element elementor-element-993bcfc elementor-widget elementor-widget-text-editor\" data-id=\"993bcfc\" data-element_type=\"widget\" data-settings=\"{&quot;tc_smooth_scroll_effects&quot;:&quot;none&quot;,&quot;tc_dark_mode_responsive_hide_in_dark&quot;:&quot;no&quot;,&quot;tc_dark_mode_responsive_hide_in_light&quot;:&quot;no&quot;}\" data-widget_type=\"text-editor.default\">\n\t\t\t\t<div class=\"elementor-widget-container\">\n\t\t\t\t\t\t\t\t\t<p>Whether directly in your offices or in a carefully selected external location, we orchestrate meetings that are both relaxed and refined, aligned with your corporate culture.<\/p>\t\t\t\t\t\t\t\t<\/div>\n\t\t\t\t<\/div>\n\t\t\t\t<div class=\"elementor-element elementor-element-6ea4d12 elementor-widget elementor-widget-image-gallery\" data-id=\"6ea4d12\" data-element_type=\"widget\" data-settings=\"{&quot;tc_smooth_scroll_effects&quot;:&quot;none&quot;,&quot;tc_dark_mode_responsive_hide_in_dark&quot;:&quot;no&quot;,&quot;tc_dark_mode_responsive_hide_in_light&quot;:&quot;no&quot;}\" data-widget_type=\"image-gallery.default\">\n\t\t\t\t<div class=\"elementor-widget-container\">\n\t\t\t\t\t\t\t<div class=\"elementor-image-gallery\">\n\t\t\t<div id='gallery-1' class='gallery galleryid-1875 gallery-columns-3 gallery-size-full'><figure class='gallery-item'>\n\t\t\t<div class='gallery-icon landscape'>\n\t\t\t\t<a data-elementor-open-lightbox=\"yes\" data-elementor-lightbox-slideshow=\"6ea4d12\" data-elementor-lightbox-title=\"\u00c9v\u00e9nements Zury\" data-e-action-hash=\"#elementor-action%3Aaction%3Dlightbox%26settings%3DeyJpZCI6MTcxMCwidXJsIjoiaHR0cHM6XC9cL3p1cnlldmVudHMuY29tXC93cC1jb250ZW50XC91cGxvYWRzXC8yMDI1XC8wNlwvNDQ4NTYyMzkyXzQ0MTA2MDkxODg4MjU1MF8yOTYzMjk2NzE3NzY3NjM4MzI0X24uanBnIiwic2xpZGVzaG93IjoiNmVhNGQxMiJ9\" href='https:\/\/zuryevents.com\/wp-content\/uploads\/2025\/06\/448562392_441060918882550_2963296717767638324_n.jpg'><img fetchpriority=\"high\" decoding=\"async\" width=\"960\" height=\"640\" src=\"https:\/\/zuryevents.com\/wp-content\/uploads\/2025\/06\/448562392_441060918882550_2963296717767638324_n.jpg\" class=\"attachment-full size-full\" alt=\"\u00c9v\u00e9nements Zury\" aria-describedby=\"gallery-1-1710\" \/><\/a>\n\t\t\t<\/div>\n\t\t\t\t<figcaption class='wp-caption-text gallery-caption' id='gallery-1-1710'>\n\t\t\t\t\u00c9v\u00e9nements Zury\n\t\t\t\t<\/figcaption><\/figure><figure class='gallery-item'>\n\t\t\t<div class='gallery-icon landscape'>\n\t\t\t\t<a data-elementor-open-lightbox=\"yes\" data-elementor-lightbox-slideshow=\"6ea4d12\" data-elementor-lightbox-title=\"\u00c9v\u00e9nements Zury\" data-e-action-hash=\"#elementor-action%3Aaction%3Dlightbox%26settings%3DeyJpZCI6MTcwNSwidXJsIjoiaHR0cHM6XC9cL3p1cnlldmVudHMuY29tXC93cC1jb250ZW50XC91cGxvYWRzXC8yMDI1XC8wNlwvMTcuanBnIiwic2xpZGVzaG93IjoiNmVhNGQxMiJ9\" href='https:\/\/zuryevents.com\/wp-content\/uploads\/2025\/06\/17.jpg'><img decoding=\"async\" width=\"2048\" height=\"1366\" src=\"https:\/\/zuryevents.com\/wp-content\/uploads\/2025\/06\/17.jpg\" class=\"attachment-full size-full\" alt=\"\u00c9v\u00e9nements Zury\" aria-describedby=\"gallery-1-1705\" \/><\/a>\n\t\t\t<\/div>\n\t\t\t\t<figcaption class='wp-caption-text gallery-caption' id='gallery-1-1705'>\n\t\t\t\t\u00c9v\u00e9nements Zury\n\t\t\t\t<\/figcaption><\/figure><figure class='gallery-item'>\n\t\t\t<div class='gallery-icon landscape'>\n\t\t\t\t<a data-elementor-open-lightbox=\"yes\" data-elementor-lightbox-slideshow=\"6ea4d12\" data-elementor-lightbox-title=\"\u00c9v\u00e9nements Zury\" data-e-action-hash=\"#elementor-action%3Aaction%3Dlightbox%26settings%3DeyJpZCI6MTcxMiwidXJsIjoiaHR0cHM6XC9cL3p1cnlldmVudHMuY29tXC93cC1jb250ZW50XC91cGxvYWRzXC8yMDI1XC8wNlwvTGUtTW91dmVtZW50LUZlYnJ1YXJ5LTZ0aC0yMDI1LU5pbmphLUZhY3RvcnktT0stR2VvcmdlLVN0dWRpby1EU0MwODEzMy5wbmciLCJzbGlkZXNob3ciOiI2ZWE0ZDEyIn0%3D\" href='https:\/\/zuryevents.com\/wp-content\/uploads\/2025\/06\/Le-Mouvement-February-6th-2025-Ninja-Factory-OK-George-Studio-DSC08133.png'><img decoding=\"async\" width=\"1280\" height=\"853\" src=\"https:\/\/zuryevents.com\/wp-content\/uploads\/2025\/06\/Le-Mouvement-February-6th-2025-Ninja-Factory-OK-George-Studio-DSC08133.png\" class=\"attachment-full size-full\" alt=\"\u00c9v\u00e9nements Zury\" aria-describedby=\"gallery-1-1712\" \/><\/a>\n\t\t\t<\/div>\n\t\t\t\t<figcaption class='wp-caption-text gallery-caption' id='gallery-1-1712'>\n\t\t\t\t\u00c9v\u00e9nements Zury\n\t\t\t\t<\/figcaption><\/figure>\n\t\t<\/div>\n\t\t<\/div>\n\t\t\t\t\t\t<\/div>\n\t\t\t\t<\/div>\n\t\t\t\t\t<\/div>\n\t\t\t\t<\/div>\n\t\t<div class=\"elementor-element elementor-element-4bb7d8cf e-flex e-con-boxed e-con e-parent\" data-id=\"4bb7d8cf\" data-element_type=\"container\" data-settings=\"{&quot;background_background&quot;:&quot;classic&quot;,&quot;tc_container_hover_selector&quot;:&quot;container&quot;,&quot;tc_container_background_parallax&quot;:&quot;no&quot;,&quot;tc_smooth_scroll_effects&quot;:&quot;none&quot;,&quot;tcg_advanced_hover&quot;:&quot;no&quot;,&quot;tc_dark_mode_responsive_hide_in_dark&quot;:&quot;no&quot;,&quot;tc_dark_mode_responsive_hide_in_light&quot;:&quot;no&quot;}\">\n\t\t\t\t\t<div class=\"e-con-inner\">\n\t\t<div class=\"elementor-element elementor-element-1b4efd9 e-con-full e-flex e-con e-child\" data-id=\"1b4efd9\" data-element_type=\"container\" data-settings=\"{&quot;background_background&quot;:&quot;classic&quot;,&quot;tc_container_hover_selector&quot;:&quot;container&quot;,&quot;tc_container_background_parallax&quot;:&quot;no&quot;,&quot;tc_smooth_scroll_effects&quot;:&quot;none&quot;,&quot;tcg_advanced_hover&quot;:&quot;no&quot;,&quot;tc_dark_mode_responsive_hide_in_dark&quot;:&quot;no&quot;,&quot;tc_dark_mode_responsive_hide_in_light&quot;:&quot;no&quot;}\">\n\t\t<div class=\"elementor-element elementor-element-cb54764 e-con-full e-flex e-con e-child\" data-id=\"cb54764\" data-element_type=\"container\" data-settings=\"{&quot;tc_container_hover_selector&quot;:&quot;container&quot;,&quot;tc_container_background_parallax&quot;:&quot;no&quot;,&quot;tc_smooth_scroll_effects&quot;:&quot;none&quot;,&quot;tcg_advanced_hover&quot;:&quot;no&quot;,&quot;tc_dark_mode_responsive_hide_in_dark&quot;:&quot;no&quot;,&quot;tc_dark_mode_responsive_hide_in_light&quot;:&quot;no&quot;}\">\n\t\t<div class=\"elementor-element elementor-element-7b8e203 e-con-full e-flex e-con e-child\" data-id=\"7b8e203\" data-element_type=\"container\" data-settings=\"{&quot;tc_container_hover_selector&quot;:&quot;container&quot;,&quot;tc_container_background_parallax&quot;:&quot;no&quot;,&quot;tc_smooth_scroll_effects&quot;:&quot;none&quot;,&quot;tcg_advanced_hover&quot;:&quot;no&quot;,&quot;tc_dark_mode_responsive_hide_in_dark&quot;:&quot;no&quot;,&quot;tc_dark_mode_responsive_hide_in_light&quot;:&quot;no&quot;}\">\n\t\t\t\t<div class=\"elementor-element elementor-element-82c85df elementor-widget elementor-widget-heading\" data-id=\"82c85df\" data-element_type=\"widget\" data-settings=\"{&quot;tc_smooth_scroll_effects&quot;:&quot;none&quot;,&quot;tc_dark_mode_responsive_hide_in_dark&quot;:&quot;no&quot;,&quot;tc_dark_mode_responsive_hide_in_light&quot;:&quot;no&quot;}\" data-widget_type=\"heading.default\">\n\t\t\t\t<div class=\"elementor-widget-container\">\n\t\t\t\t\t<h2 class=\"elementor-heading-title elementor-size-default\">Want to create something exceptional?<\/h2>\t\t\t\t<\/div>\n\t\t\t\t<\/div>\n\t\t\t\t<div class=\"elementor-element elementor-element-e4bf33b elementor-widget elementor-widget-heading\" data-id=\"e4bf33b\" data-element_type=\"widget\" data-settings=\"{&quot;tc_smooth_scroll_effects&quot;:&quot;none&quot;,&quot;tc_dark_mode_responsive_hide_in_dark&quot;:&quot;no&quot;,&quot;tc_dark_mode_responsive_hide_in_light&quot;:&quot;no&quot;}\" data-widget_type=\"heading.default\">\n\t\t\t\t<div class=\"elementor-widget-container\">\n\t\t\t\t\t<h2 class=\"elementor-heading-title elementor-size-default\">LET'S TALK<\/h2>\t\t\t\t<\/div>\n\t\t\t\t<\/div>\n\t\t\t\t<div class=\"elementor-element elementor-element-61b85c1 elementor-align-center elementor-widget elementor-widget-tcgelements-button\" data-id=\"61b85c1\" data-element_type=\"widget\" data-settings=\"{&quot;tc_smooth_scroll_effects&quot;:&quot;none&quot;,&quot;tc_dark_mode_responsive_hide_in_dark&quot;:&quot;no&quot;,&quot;tc_dark_mode_responsive_hide_in_light&quot;:&quot;no&quot;}\" data-widget_type=\"tcgelements-button.default\">\n\t\t\t\t<div class=\"elementor-widget-container\">\n\t\t\t\t\t                            <a  href=\"https:\/\/zuryevents.com\/en\/contact\/\"  class=\"tcgelements-button btn-selector-type-button btn-text-selector-type-button  tcgelements-responsive-break-line\"  >\r\n                            <span class=\"tcgelements-button-content-wrapper\">\r\n                                                                                <span class=\"tcgelements-button-text\">\r\n                        Click here                    <\/span>\r\n                                                                                                        <span class=\"tcgelements-button-icon tcgelements-align-icon-right hover-animation-none\">\r\n                                                    <\/span>\r\n                                    <\/span>\r\n                            <\/a>\r\n                        \t\t\t\t<\/div>\n\t\t\t\t<\/div>\n\t\t\t\t<\/div>\n\t\t\t\t<\/div>\n\t\t\t\t<\/div>\n\t\t\t\t\t<\/div>\n\t\t\t\t<\/div>\n\t\t\t\t<\/div>\n\t\t","protected":false},"excerpt":{"rendered":"<p>Corporate social events To strengthen ties in your team or expand your network! Whether directly in your offices or in a carefully selected external location, we orchestrate meetings that are both relaxed and refined, aligned with your corporate culture. \u00c9v\u00e9nements Zury \u00c9v\u00e9nements Zury \u00c9v\u00e9nements Zury Want to create something exceptional? LET&#8217;S TALK Click here<\/p>\n","protected":false},"author":1,"featured_media":0,"parent":0,"menu_order":0,"comment_status":"closed","ping_status":"closed","template":"elementor_header_footer","meta":{"slim_seo":{"title":"Corporate social events - \u00c9v\u00e9nements Zury Events","description":"Corporate social events To strengthen ties in your team or expand your network! Whether directly in your offices or in a carefully selected external location, w"},"footnotes":""},"class_list":["post-1875","page","type-page","status-publish","hentry"],"_links":{"self":[{"href":"https:\/\/zuryevents.com\/en\/wp-json\/wp\/v2\/pages\/1875","targetHints":{"allow":["GET"]}}],"collection":[{"href":"https:\/\/zuryevents.com\/en\/wp-json\/wp\/v2\/pages"}],"about":[{"href":"https:\/\/zuryevents.com\/en\/wp-json\/wp\/v2\/types\/page"}],"author":[{"embeddable":true,"href":"https:\/\/zuryevents.com\/en\/wp-json\/wp\/v2\/users\/1"}],"replies":[{"embeddable":true,"href":"https:\/\/zuryevents.com\/en\/wp-json\/wp\/v2\/comments?post=1875"}],"version-history":[{"count":14,"href":"https:\/\/zuryevents.com\/en\/wp-json\/wp\/v2\/pages\/1875\/revisions"}],"predecessor-version":[{"id":1946,"href":"https:\/\/zuryevents.com\/en\/wp-json\/wp\/v2\/pages\/1875\/revisions\/1946"}],"wp:attachment":[{"href":"https:\/\/zuryevents.com\/en\/wp-json\/wp\/v2\/media?parent=1875"}],"curies":[{"name":"wp","href":"https:\/\/api.w.org\/{rel}","templated":true}]}}