{"id":1755,"date":"2025-06-16T12:59:16","date_gmt":"2025-06-16T16:59:16","guid":{"rendered":"https:\/\/zuryevents.com\/realisations\/"},"modified":"2025-06-17T17:54:26","modified_gmt":"2025-06-17T21:54:26","slug":"realisations","status":"publish","type":"page","link":"https:\/\/zuryevents.com\/en\/realisations\/","title":{"rendered":"Achievements"},"content":{"rendered":"\t\t<div data-elementor-type=\"wp-page\" data-elementor-id=\"1755\" class=\"elementor elementor-1755 elementor-1447\">\n\t\t\t\t<div class=\"elementor-element elementor-element-d8955bc e-flex e-con-boxed e-con e-parent\" data-id=\"d8955bc\" data-element_type=\"container\" data-settings=\"{&quot;background_background&quot;:&quot;classic&quot;,&quot;tc_container_hover_selector&quot;:&quot;container&quot;,&quot;tc_container_background_parallax&quot;:&quot;no&quot;,&quot;tc_smooth_scroll_effects&quot;:&quot;none&quot;,&quot;tcg_advanced_hover&quot;:&quot;no&quot;,&quot;tc_dark_mode_responsive_hide_in_dark&quot;:&quot;no&quot;,&quot;tc_dark_mode_responsive_hide_in_light&quot;:&quot;no&quot;}\">\n\t\t\t\t\t<div class=\"e-con-inner\">\n\t\t\t\t<div class=\"elementor-element elementor-element-959a1f0 elementor-widget elementor-widget-heading\" data-id=\"959a1f0\" data-element_type=\"widget\" data-settings=\"{&quot;tc_smooth_scroll_effects&quot;:&quot;none&quot;,&quot;tc_dark_mode_responsive_hide_in_dark&quot;:&quot;no&quot;,&quot;tc_dark_mode_responsive_hide_in_light&quot;:&quot;no&quot;}\" data-widget_type=\"heading.default\">\n\t\t\t\t<div class=\"elementor-widget-container\">\n\t\t\t\t\t<h4 class=\"elementor-heading-title elementor-size-default\">Achievements<\/h4>\t\t\t\t<\/div>\n\t\t\t\t<\/div>\n\t\t\t\t<div class=\"elementor-element elementor-element-6f2fbc5 elementor-widget elementor-widget-heading\" data-id=\"6f2fbc5\" data-element_type=\"widget\" data-settings=\"{&quot;tc_smooth_scroll_effects&quot;:&quot;none&quot;,&quot;tc_dark_mode_responsive_hide_in_dark&quot;:&quot;no&quot;,&quot;tc_dark_mode_responsive_hide_in_light&quot;:&quot;no&quot;}\" data-widget_type=\"heading.default\">\n\t\t\t\t<div class=\"elementor-widget-container\">\n\t\t\t\t\t<h4 class=\"elementor-heading-title elementor-size-default\">Customization, professionalism, creativity, intention<\/h4>\t\t\t\t<\/div>\n\t\t\t\t<\/div>\n\t\t\t\t\t<\/div>\n\t\t\t\t<\/div>\n\t\t<div class=\"elementor-element elementor-element-55d7e91 e-flex e-con-boxed e-con e-parent\" data-id=\"55d7e91\" data-element_type=\"container\" data-settings=\"{&quot;tc_container_hover_selector&quot;:&quot;container&quot;,&quot;tc_container_background_parallax&quot;:&quot;no&quot;,&quot;tc_smooth_scroll_effects&quot;:&quot;none&quot;,&quot;tcg_advanced_hover&quot;:&quot;no&quot;,&quot;tc_dark_mode_responsive_hide_in_dark&quot;:&quot;no&quot;,&quot;tc_dark_mode_responsive_hide_in_light&quot;:&quot;no&quot;}\">\n\t\t\t\t\t<div class=\"e-con-inner\">\n\t\t<div class=\"elementor-element elementor-element-63b7412 e-con-full e-flex e-con e-child\" data-id=\"63b7412\" data-element_type=\"container\" data-settings=\"{&quot;tc_container_hover_selector&quot;:&quot;container&quot;,&quot;tc_container_background_parallax&quot;:&quot;no&quot;,&quot;tc_smooth_scroll_effects&quot;:&quot;none&quot;,&quot;tcg_advanced_hover&quot;:&quot;no&quot;,&quot;tc_dark_mode_responsive_hide_in_dark&quot;:&quot;no&quot;,&quot;tc_dark_mode_responsive_hide_in_light&quot;:&quot;no&quot;}\">\n\t\t\t\t<div class=\"elementor-element elementor-element-3e1fb0f gallery-spacing-custom elementor-widget elementor-widget-image-gallery\" data-id=\"3e1fb0f\" data-element_type=\"widget\" data-settings=\"{&quot;tc_smooth_scroll_effects&quot;:&quot;none&quot;,&quot;tc_dark_mode_responsive_hide_in_dark&quot;:&quot;no&quot;,&quot;tc_dark_mode_responsive_hide_in_light&quot;:&quot;no&quot;}\" data-widget_type=\"image-gallery.default\">\n\t\t\t\t<div class=\"elementor-widget-container\">\n\t\t\t\t\t\t\t<div class=\"elementor-image-gallery\">\n\t\t\t<div id='gallery-1' class='gallery galleryid-1755 gallery-columns-4 gallery-size-medium_large'><figure class='gallery-item'>\n\t\t\t<div class='gallery-icon landscape'>\n\t\t\t\t<a data-elementor-open-lightbox=\"yes\" data-elementor-lightbox-slideshow=\"3e1fb0f\" data-elementor-lightbox-title=\"\u00c9v\u00e9nements Zury\" data-e-action-hash=\"#elementor-action%3Aaction%3Dlightbox%26settings%3DeyJpZCI6MTcwMywidXJsIjoiaHR0cHM6XC9cL3p1cnlldmVudHMuY29tXC93cC1jb250ZW50XC91cGxvYWRzXC8yMDI1XC8wNlwvNi5qcGciLCJzbGlkZXNob3ciOiIzZTFmYjBmIn0%3D\" href='https:\/\/zuryevents.com\/wp-content\/uploads\/2025\/06\/6.jpg'><img fetchpriority=\"high\" decoding=\"async\" width=\"768\" height=\"512\" src=\"https:\/\/zuryevents.com\/wp-content\/uploads\/2025\/06\/6-768x512.jpg\" class=\"attachment-medium_large size-medium_large\" alt=\"\u00c9v\u00e9nements Zury\" aria-describedby=\"gallery-1-1703\" \/><\/a>\n\t\t\t<\/div>\n\t\t\t\t<figcaption class='wp-caption-text gallery-caption' id='gallery-1-1703'>\n\t\t\t\t\u00c9v\u00e9nements Zury\n\t\t\t\t<\/figcaption><\/figure><figure class='gallery-item'>\n\t\t\t<div class='gallery-icon landscape'>\n\t\t\t\t<a data-elementor-open-lightbox=\"yes\" data-elementor-lightbox-slideshow=\"3e1fb0f\" data-elementor-lightbox-title=\"\u00c9v\u00e9nements Zury\" data-e-action-hash=\"#elementor-action%3Aaction%3Dlightbox%26settings%3DeyJpZCI6MTcwNCwidXJsIjoiaHR0cHM6XC9cL3p1cnlldmVudHMuY29tXC93cC1jb250ZW50XC91cGxvYWRzXC8yMDI1XC8wNlwvMTYuanBnIiwic2xpZGVzaG93IjoiM2UxZmIwZiJ9\" href='https:\/\/zuryevents.com\/wp-content\/uploads\/2025\/06\/16.jpg'><img decoding=\"async\" width=\"768\" height=\"512\" src=\"https:\/\/zuryevents.com\/wp-content\/uploads\/2025\/06\/16-768x512.jpg\" class=\"attachment-medium_large size-medium_large\" alt=\"\u00c9v\u00e9nements Zury\" aria-describedby=\"gallery-1-1704\" \/><\/a>\n\t\t\t<\/div>\n\t\t\t\t<figcaption class='wp-caption-text gallery-caption' id='gallery-1-1704'>\n\t\t\t\t\u00c9v\u00e9nements Zury\n\t\t\t\t<\/figcaption><\/figure><figure class='gallery-item'>\n\t\t\t<div class='gallery-icon landscape'>\n\t\t\t\t<a data-elementor-open-lightbox=\"yes\" data-elementor-lightbox-slideshow=\"3e1fb0f\" data-elementor-lightbox-title=\"\u00c9v\u00e9nements Zury\" data-e-action-hash=\"#elementor-action%3Aaction%3Dlightbox%26settings%3DeyJpZCI6MTcwNSwidXJsIjoiaHR0cHM6XC9cL3p1cnlldmVudHMuY29tXC93cC1jb250ZW50XC91cGxvYWRzXC8yMDI1XC8wNlwvMTcuanBnIiwic2xpZGVzaG93IjoiM2UxZmIwZiJ9\" href='https:\/\/zuryevents.com\/wp-content\/uploads\/2025\/06\/17.jpg'><img decoding=\"async\" width=\"768\" height=\"512\" src=\"https:\/\/zuryevents.com\/wp-content\/uploads\/2025\/06\/17-768x512.jpg\" class=\"attachment-medium_large size-medium_large\" alt=\"\u00c9v\u00e9nements Zury\" aria-describedby=\"gallery-1-1705\" \/><\/a>\n\t\t\t<\/div>\n\t\t\t\t<figcaption class='wp-caption-text gallery-caption' id='gallery-1-1705'>\n\t\t\t\t\u00c9v\u00e9nements Zury\n\t\t\t\t<\/figcaption><\/figure><figure class='gallery-item'>\n\t\t\t<div class='gallery-icon landscape'>\n\t\t\t\t<a data-elementor-open-lightbox=\"yes\" data-elementor-lightbox-slideshow=\"3e1fb0f\" data-elementor-lightbox-title=\"\u00c9v\u00e9nements Zury\" data-e-action-hash=\"#elementor-action%3Aaction%3Dlightbox%26settings%3DeyJpZCI6MTcwNiwidXJsIjoiaHR0cHM6XC9cL3p1cnlldmVudHMuY29tXC93cC1jb250ZW50XC91cGxvYWRzXC8yMDI1XC8wNlwvMjNtYXJzXzEzLmpwZyIsInNsaWRlc2hvdyI6IjNlMWZiMGYifQ%3D%3D\" href='https:\/\/zuryevents.com\/wp-content\/uploads\/2025\/06\/23mars_13.jpg'><img loading=\"lazy\" decoding=\"async\" width=\"768\" height=\"513\" src=\"https:\/\/zuryevents.com\/wp-content\/uploads\/2025\/06\/23mars_13-768x513.jpg\" class=\"attachment-medium_large size-medium_large\" alt=\"\u00c9v\u00e9nements Zury\" aria-describedby=\"gallery-1-1706\" \/><\/a>\n\t\t\t<\/div>\n\t\t\t\t<figcaption class='wp-caption-text gallery-caption' id='gallery-1-1706'>\n\t\t\t\t\u00c9v\u00e9nements Zury\n\t\t\t\t<\/figcaption><\/figure><figure class='gallery-item'>\n\t\t\t<div class='gallery-icon landscape'>\n\t\t\t\t<a data-elementor-open-lightbox=\"yes\" data-elementor-lightbox-slideshow=\"3e1fb0f\" data-elementor-lightbox-title=\"\u00c9v\u00e9nements Zury\" data-e-action-hash=\"#elementor-action%3Aaction%3Dlightbox%26settings%3DeyJpZCI6MTcwNywidXJsIjoiaHR0cHM6XC9cL3p1cnlldmVudHMuY29tXC93cC1jb250ZW50XC91cGxvYWRzXC8yMDI1XC8wNlwvMjNtYXJzXzE4LmpwZyIsInNsaWRlc2hvdyI6IjNlMWZiMGYifQ%3D%3D\" href='https:\/\/zuryevents.com\/wp-content\/uploads\/2025\/06\/23mars_18.jpg'><img loading=\"lazy\" decoding=\"async\" width=\"768\" height=\"512\" src=\"https:\/\/zuryevents.com\/wp-content\/uploads\/2025\/06\/23mars_18-768x512.jpg\" class=\"attachment-medium_large size-medium_large\" alt=\"\u00c9v\u00e9nements Zury\" aria-describedby=\"gallery-1-1707\" \/><\/a>\n\t\t\t<\/div>\n\t\t\t\t<figcaption class='wp-caption-text gallery-caption' id='gallery-1-1707'>\n\t\t\t\t\u00c9v\u00e9nements Zury\n\t\t\t\t<\/figcaption><\/figure><figure class='gallery-item'>\n\t\t\t<div class='gallery-icon landscape'>\n\t\t\t\t<a data-elementor-open-lightbox=\"yes\" data-elementor-lightbox-slideshow=\"3e1fb0f\" data-elementor-lightbox-title=\"\u00c9v\u00e9nements Zury\" data-e-action-hash=\"#elementor-action%3Aaction%3Dlightbox%26settings%3DeyJpZCI6MTcwOCwidXJsIjoiaHR0cHM6XC9cL3p1cnlldmVudHMuY29tXC93cC1jb250ZW50XC91cGxvYWRzXC8yMDI1XC8wNlwvMjNtYXJzXzIyLmpwZyIsInNsaWRlc2hvdyI6IjNlMWZiMGYifQ%3D%3D\" href='https:\/\/zuryevents.com\/wp-content\/uploads\/2025\/06\/23mars_22.jpg'><img loading=\"lazy\" decoding=\"async\" width=\"768\" height=\"432\" src=\"https:\/\/zuryevents.com\/wp-content\/uploads\/2025\/06\/23mars_22-768x432.jpg\" class=\"attachment-medium_large size-medium_large\" alt=\"\u00c9v\u00e9nements Zury\" aria-describedby=\"gallery-1-1708\" \/><\/a>\n\t\t\t<\/div>\n\t\t\t\t<figcaption class='wp-caption-text gallery-caption' id='gallery-1-1708'>\n\t\t\t\t\u00c9v\u00e9nements Zury\n\t\t\t\t<\/figcaption><\/figure><figure class='gallery-item'>\n\t\t\t<div class='gallery-icon landscape'>\n\t\t\t\t<a data-elementor-open-lightbox=\"yes\" data-elementor-lightbox-slideshow=\"3e1fb0f\" data-elementor-lightbox-title=\"\u00c9v\u00e9nements Zury\" data-e-action-hash=\"#elementor-action%3Aaction%3Dlightbox%26settings%3DeyJpZCI6MTcwOSwidXJsIjoiaHR0cHM6XC9cL3p1cnlldmVudHMuY29tXC93cC1jb250ZW50XC91cGxvYWRzXC8yMDI1XC8wNlwvMjNtYXJzXzIzLmpwZyIsInNsaWRlc2hvdyI6IjNlMWZiMGYifQ%3D%3D\" href='https:\/\/zuryevents.com\/wp-content\/uploads\/2025\/06\/23mars_23.jpg'><img loading=\"lazy\" decoding=\"async\" width=\"768\" height=\"432\" src=\"https:\/\/zuryevents.com\/wp-content\/uploads\/2025\/06\/23mars_23-768x432.jpg\" class=\"attachment-medium_large size-medium_large\" alt=\"\u00c9v\u00e9nements Zury\" aria-describedby=\"gallery-1-1709\" \/><\/a>\n\t\t\t<\/div>\n\t\t\t\t<figcaption class='wp-caption-text gallery-caption' id='gallery-1-1709'>\n\t\t\t\t\u00c9v\u00e9nements Zury\n\t\t\t\t<\/figcaption><\/figure><figure class='gallery-item'>\n\t\t\t<div class='gallery-icon landscape'>\n\t\t\t\t<a data-elementor-open-lightbox=\"yes\" data-elementor-lightbox-slideshow=\"3e1fb0f\" data-elementor-lightbox-title=\"\u00c9v\u00e9nements Zury\" data-e-action-hash=\"#elementor-action%3Aaction%3Dlightbox%26settings%3DeyJpZCI6MTcxMCwidXJsIjoiaHR0cHM6XC9cL3p1cnlldmVudHMuY29tXC93cC1jb250ZW50XC91cGxvYWRzXC8yMDI1XC8wNlwvNDQ4NTYyMzkyXzQ0MTA2MDkxODg4MjU1MF8yOTYzMjk2NzE3NzY3NjM4MzI0X24uanBnIiwic2xpZGVzaG93IjoiM2UxZmIwZiJ9\" href='https:\/\/zuryevents.com\/wp-content\/uploads\/2025\/06\/448562392_441060918882550_2963296717767638324_n.jpg'><img loading=\"lazy\" decoding=\"async\" width=\"768\" height=\"512\" src=\"https:\/\/zuryevents.com\/wp-content\/uploads\/2025\/06\/448562392_441060918882550_2963296717767638324_n-768x512.jpg\" class=\"attachment-medium_large size-medium_large\" alt=\"\u00c9v\u00e9nements Zury\" aria-describedby=\"gallery-1-1710\" \/><\/a>\n\t\t\t<\/div>\n\t\t\t\t<figcaption class='wp-caption-text gallery-caption' id='gallery-1-1710'>\n\t\t\t\t\u00c9v\u00e9nements Zury\n\t\t\t\t<\/figcaption><\/figure><figure class='gallery-item'>\n\t\t\t<div class='gallery-icon landscape'>\n\t\t\t\t<a data-elementor-open-lightbox=\"yes\" data-elementor-lightbox-slideshow=\"3e1fb0f\" data-elementor-lightbox-title=\"\u00c9v\u00e9nements Zury\" data-e-action-hash=\"#elementor-action%3Aaction%3Dlightbox%26settings%3DeyJpZCI6MTcxMSwidXJsIjoiaHR0cHM6XC9cL3p1cnlldmVudHMuY29tXC93cC1jb250ZW50XC91cGxvYWRzXC8yMDI1XC8wNlwvZXZlbmVtZW50MS0yLmpwZyIsInNsaWRlc2hvdyI6IjNlMWZiMGYifQ%3D%3D\" href='https:\/\/zuryevents.com\/wp-content\/uploads\/2025\/06\/evenement1-2.jpg'><img loading=\"lazy\" decoding=\"async\" width=\"300\" height=\"193\" src=\"https:\/\/zuryevents.com\/wp-content\/uploads\/2025\/06\/evenement1-2.jpg\" class=\"attachment-medium_large size-medium_large\" alt=\"\u00c9v\u00e9nements Zury\" aria-describedby=\"gallery-1-1711\" \/><\/a>\n\t\t\t<\/div>\n\t\t\t\t<figcaption class='wp-caption-text gallery-caption' id='gallery-1-1711'>\n\t\t\t\t\u00c9v\u00e9nements Zury\n\t\t\t\t<\/figcaption><\/figure><figure class='gallery-item'>\n\t\t\t<div class='gallery-icon landscape'>\n\t\t\t\t<a data-elementor-open-lightbox=\"yes\" data-elementor-lightbox-slideshow=\"3e1fb0f\" data-elementor-lightbox-title=\"\u00c9v\u00e9nements Zury\" data-e-action-hash=\"#elementor-action%3Aaction%3Dlightbox%26settings%3DeyJpZCI6MTcxMiwidXJsIjoiaHR0cHM6XC9cL3p1cnlldmVudHMuY29tXC93cC1jb250ZW50XC91cGxvYWRzXC8yMDI1XC8wNlwvTGUtTW91dmVtZW50LUZlYnJ1YXJ5LTZ0aC0yMDI1LU5pbmphLUZhY3RvcnktT0stR2VvcmdlLVN0dWRpby1EU0MwODEzMy5wbmciLCJzbGlkZXNob3ciOiIzZTFmYjBmIn0%3D\" href='https:\/\/zuryevents.com\/wp-content\/uploads\/2025\/06\/Le-Mouvement-February-6th-2025-Ninja-Factory-OK-George-Studio-DSC08133.png'><img loading=\"lazy\" decoding=\"async\" width=\"768\" height=\"512\" src=\"https:\/\/zuryevents.com\/wp-content\/uploads\/2025\/06\/Le-Mouvement-February-6th-2025-Ninja-Factory-OK-George-Studio-DSC08133-768x512.png\" class=\"attachment-medium_large size-medium_large\" alt=\"\u00c9v\u00e9nements Zury\" aria-describedby=\"gallery-1-1712\" \/><\/a>\n\t\t\t<\/div>\n\t\t\t\t<figcaption class='wp-caption-text gallery-caption' id='gallery-1-1712'>\n\t\t\t\t\u00c9v\u00e9nements Zury\n\t\t\t\t<\/figcaption><\/figure><figure class='gallery-item'>\n\t\t\t<div class='gallery-icon landscape'>\n\t\t\t\t<a data-elementor-open-lightbox=\"yes\" data-elementor-lightbox-slideshow=\"3e1fb0f\" data-elementor-lightbox-title=\"\u00c9v\u00e9nements Zury\" data-e-action-hash=\"#elementor-action%3Aaction%3Dlightbox%26settings%3DeyJpZCI6MTcxMywidXJsIjoiaHR0cHM6XC9cL3p1cnlldmVudHMuY29tXC93cC1jb250ZW50XC91cGxvYWRzXC8yMDI1XC8wNlwvcG9yc2NoZTYuanBnIiwic2xpZGVzaG93IjoiM2UxZmIwZiJ9\" href='https:\/\/zuryevents.com\/wp-content\/uploads\/2025\/06\/porsche6.jpg'><img loading=\"lazy\" decoding=\"async\" width=\"768\" height=\"512\" src=\"https:\/\/zuryevents.com\/wp-content\/uploads\/2025\/06\/porsche6-768x512.jpg\" class=\"attachment-medium_large size-medium_large\" alt=\"\u00c9v\u00e9nements Zury\" aria-describedby=\"gallery-1-1713\" \/><\/a>\n\t\t\t<\/div>\n\t\t\t\t<figcaption class='wp-caption-text gallery-caption' id='gallery-1-1713'>\n\t\t\t\t\u00c9v\u00e9nements Zury\n\t\t\t\t<\/figcaption><\/figure>\n\t\t<\/div>\n\t\t<\/div>\n\t\t\t\t\t\t<\/div>\n\t\t\t\t<\/div>\n\t\t\t\t<\/div>\n\t\t\t\t\t<\/div>\n\t\t\t\t<\/div>\n\t\t<div class=\"elementor-element elementor-element-4bb7d8cf e-flex e-con-boxed e-con e-parent\" data-id=\"4bb7d8cf\" data-element_type=\"container\" data-settings=\"{&quot;background_background&quot;:&quot;classic&quot;,&quot;tc_container_hover_selector&quot;:&quot;container&quot;,&quot;tc_container_background_parallax&quot;:&quot;no&quot;,&quot;tc_smooth_scroll_effects&quot;:&quot;none&quot;,&quot;tcg_advanced_hover&quot;:&quot;no&quot;,&quot;tc_dark_mode_responsive_hide_in_dark&quot;:&quot;no&quot;,&quot;tc_dark_mode_responsive_hide_in_light&quot;:&quot;no&quot;}\">\n\t\t\t\t\t<div class=\"e-con-inner\">\n\t\t<div class=\"elementor-element elementor-element-6fc7549 e-con-full e-flex e-con e-child\" data-id=\"6fc7549\" data-element_type=\"container\" data-settings=\"{&quot;tc_container_hover_selector&quot;:&quot;container&quot;,&quot;tc_container_background_parallax&quot;:&quot;no&quot;,&quot;tc_smooth_scroll_effects&quot;:&quot;none&quot;,&quot;tcg_advanced_hover&quot;:&quot;no&quot;,&quot;tc_dark_mode_responsive_hide_in_dark&quot;:&quot;no&quot;,&quot;tc_dark_mode_responsive_hide_in_light&quot;:&quot;no&quot;}\">\n\t\t<div class=\"elementor-element elementor-element-3e12d5fb e-con-full e-flex e-con e-child\" data-id=\"3e12d5fb\" data-element_type=\"container\" data-settings=\"{&quot;tc_container_hover_selector&quot;:&quot;container&quot;,&quot;tc_container_background_parallax&quot;:&quot;no&quot;,&quot;tc_smooth_scroll_effects&quot;:&quot;none&quot;,&quot;tcg_advanced_hover&quot;:&quot;no&quot;,&quot;tc_dark_mode_responsive_hide_in_dark&quot;:&quot;no&quot;,&quot;tc_dark_mode_responsive_hide_in_light&quot;:&quot;no&quot;}\">\n\t\t\t\t<div class=\"elementor-element elementor-element-398c7ef6 elementor-widget elementor-widget-heading\" data-id=\"398c7ef6\" data-element_type=\"widget\" data-settings=\"{&quot;tc_smooth_scroll_effects&quot;:&quot;none&quot;,&quot;tc_dark_mode_responsive_hide_in_dark&quot;:&quot;no&quot;,&quot;tc_dark_mode_responsive_hide_in_light&quot;:&quot;no&quot;}\" data-widget_type=\"heading.default\">\n\t\t\t\t<div class=\"elementor-widget-container\">\n\t\t\t\t\t<h2 class=\"elementor-heading-title elementor-size-default\">Want to create something exceptional?<\/h2>\t\t\t\t<\/div>\n\t\t\t\t<\/div>\n\t\t\t\t<div class=\"elementor-element elementor-element-22c0bcc9 elementor-widget elementor-widget-heading\" data-id=\"22c0bcc9\" data-element_type=\"widget\" data-settings=\"{&quot;tc_smooth_scroll_effects&quot;:&quot;none&quot;,&quot;tc_dark_mode_responsive_hide_in_dark&quot;:&quot;no&quot;,&quot;tc_dark_mode_responsive_hide_in_light&quot;:&quot;no&quot;}\" data-widget_type=\"heading.default\">\n\t\t\t\t<div class=\"elementor-widget-container\">\n\t\t\t\t\t<h2 class=\"elementor-heading-title elementor-size-default\">LET'S TALK<\/h2>\t\t\t\t<\/div>\n\t\t\t\t<\/div>\n\t\t\t\t<div class=\"elementor-element elementor-element-2e1496ec elementor-align-center elementor-widget elementor-widget-tcgelements-button\" data-id=\"2e1496ec\" data-element_type=\"widget\" data-settings=\"{&quot;tc_smooth_scroll_effects&quot;:&quot;none&quot;,&quot;tc_dark_mode_responsive_hide_in_dark&quot;:&quot;no&quot;,&quot;tc_dark_mode_responsive_hide_in_light&quot;:&quot;no&quot;}\" data-widget_type=\"tcgelements-button.default\">\n\t\t\t\t<div class=\"elementor-widget-container\">\n\t\t\t\t\t                            <a  href=\"https:\/\/zuryevents.com\/en\/contact\/\"  class=\"tcgelements-button btn-selector-type-button btn-text-selector-type-button  tcgelements-responsive-break-line\"  >\r\n                            <span class=\"tcgelements-button-content-wrapper\">\r\n                                                                                <span class=\"tcgelements-button-text\">\r\n                        Click here                    <\/span>\r\n                                                                                                        <span class=\"tcgelements-button-icon tcgelements-align-icon-right hover-animation-none\">\r\n                                                    <\/span>\r\n                                    <\/span>\r\n                            <\/a>\r\n                        \t\t\t\t<\/div>\n\t\t\t\t<\/div>\n\t\t\t\t<\/div>\n\t\t\t\t<\/div>\n\t\t\t\t\t<\/div>\n\t\t\t\t<\/div>\n\t\t\t\t<\/div>\n\t\t","protected":false},"excerpt":{"rendered":"<p>Achievements Customization, professionalism, creativity, intention \u00c9v\u00e9nements Zury \u00c9v\u00e9nements Zury \u00c9v\u00e9nements Zury \u00c9v\u00e9nements Zury \u00c9v\u00e9nements Zury \u00c9v\u00e9nements Zury \u00c9v\u00e9nements Zury \u00c9v\u00e9nements Zury \u00c9v\u00e9nements Zury \u00c9v\u00e9nements Zury \u00c9v\u00e9nements Zury Want to create something exceptional? LET&#8217;S TALK Click here<\/p>\n","protected":false},"author":1,"featured_media":0,"parent":0,"menu_order":0,"comment_status":"closed","ping_status":"closed","template":"elementor_header_footer","meta":{"slim_seo":{"title":"Achievements - \u00c9v\u00e9nements Zury Events","description":"Achievements Customization, professionalism, creativity, intention \u00c9v\u00e9nements Zury \u00c9v\u00e9nements Zury \u00c9v\u00e9nements Zury \u00c9v\u00e9nements Zury \u00c9v\u00e9nements Zury \u00c9v\u00e9nements Zu"},"footnotes":""},"class_list":["post-1755","page","type-page","status-publish","hentry"],"_links":{"self":[{"href":"https:\/\/zuryevents.com\/en\/wp-json\/wp\/v2\/pages\/1755","targetHints":{"allow":["GET"]}}],"collection":[{"href":"https:\/\/zuryevents.com\/en\/wp-json\/wp\/v2\/pages"}],"about":[{"href":"https:\/\/zuryevents.com\/en\/wp-json\/wp\/v2\/types\/page"}],"author":[{"embeddable":true,"href":"https:\/\/zuryevents.com\/en\/wp-json\/wp\/v2\/users\/1"}],"replies":[{"embeddable":true,"href":"https:\/\/zuryevents.com\/en\/wp-json\/wp\/v2\/comments?post=1755"}],"version-history":[{"count":5,"href":"https:\/\/zuryevents.com\/en\/wp-json\/wp\/v2\/pages\/1755\/revisions"}],"predecessor-version":[{"id":1760,"href":"https:\/\/zuryevents.com\/en\/wp-json\/wp\/v2\/pages\/1755\/revisions\/1760"}],"wp:attachment":[{"href":"https:\/\/zuryevents.com\/en\/wp-json\/wp\/v2\/media?parent=1755"}],"curies":[{"name":"wp","href":"https:\/\/api.w.org\/{rel}","templated":true}]}}